{"id":5815,"date":"2016-03-17T15:41:49","date_gmt":"2016-03-17T15:41:49","guid":{"rendered":"http:\/\/www.esperides.gr\/it\/?page_id=5815"},"modified":"2016-03-18T12:23:21","modified_gmt":"2016-03-18T12:23:21","slug":"messinia","status":"publish","type":"page","link":"https:\/\/www.esperides.gr\/it\/messinia\/","title":{"rendered":"MESSENIA"},"content":{"rendered":"<section  id=\"getting-around\" class=\"content-section full-width with-col no-padding no-margin simple-content-inside content-section-69e301b887af4\" data-background=https:\/\/www.esperides.gr\/wp-content\/uploads\/2016\/01\/Messinia_bgd.jpg><div class=\"row vc_row-fluid\"><div class=\"wpb_column vc_column_container col-md-12\"><section  class=\"content-section full-width with-col no-padding no-margin\"><div class=\"row vc_row-fluid\"><div class=\"wpb_column vc_column_container col-md-8 home-content-simple\"><div  class=\"special-text custom-font-properties-69e301b8882bd\"><\/p>\n<h1><span style=\"color: #677c4c\">MESSENIA<\/span><\/h1>\n<p><\/div><h2  class=\"special-text custom-font-properties-69e301b88830b\">ATTIVITA\u2019<\/h2><div class=\"section-text text-block align-left\" ><p>Sarete immersi tra le montagne di Kyparissia, il monte Lykodimo (960m), il monte Taygetos e, al centro della prefettura, troverete la verdeggiante piana di Messenia, con i suoi deliziosi villaggi, i resti di insediamenti preistorici, i siti archeologici, i castelli medievali e i pittoreschi monumenti.<\/p>\n<p>Grazie all\u2019ottimo clima, caratterizzato da estati lunghe e fresche, primavere tiepide, autunni gentili e inverni miti, questa \u2018terra dai buoni frutti e ricca d\u2019acqua che scorre\u2019, come la descrisse Euripide, fornisce numerose opportunit\u00e0 per sperimentare la cucina locale, il paesaggio costiero, la vita sottomarina, e panorami mozzafiato unici per ogni stagione.<\/p>\n<p>Sia che vogliate esplorare le spiagge rocciose, o il mondo subacqueo ed i suoi relitti, fare parapendio all\u2019isola di Proti, navigare verso Sfakteria nella Baia di Navarino, avvistare uccelli a Gialova o semplicemente passeggiare per le spiagge e rilassarvi nella piazza del paese: Mess\u0435nia \u00e8 una destinazione che offre un\u2019ampia gamma di attivit\u00e0 per tutti i gusti.<\/p>\n<\/div><div  class=\"clear rs-space\" style=\"height:30px;\"><\/div><h2  class=\"special-text custom-font-properties-69e301b88838a\">LE SPIAGGE<\/h2><div class=\"section-text text-block align-left\" ><p>La costa occidentale della regione presenta ampie spiagge con acque cristalline. Alcune sono lunghe strisce di sabbia, mentre altre sono insenature naturali e baie appartate. A soli 20km troverete la meravigliosa Voidokilia, la \u201cPilo sabbiosa\u201d come veniva definita da Omero, Mati (Golden Coast), Lagouvardo, Vromoneri, Barla, Divari (Golden Sand), Petrochori, e Romanos (Glyfadaki).<\/p>\n<p><strong>Lagouvardo<\/strong> \u00e8 una grande spiaggia sabbiosa circondata da pini e con le montagne sullo sfondo. Qui potrete prendere lezioni di surf, allontanarvi in canoa fuori dalla baia per scoprire i bellissimi fondali tramite lo snorkeling, andare a pescare o semplicemente rilassarvi. Sicuramente un paradiso estivo, in inverno \u00e8 molto apprezzato dagli appassionati di surf.<\/p>\n<p><strong>Barla <\/strong>\u00e8 una spiaggia pittoresca con sabbia e rocce, circondata da scogli, grotte e piccole insenature. E\u2019 ideale per lo snorkeling e la pesca.<\/p>\n<p><strong>Vromoneri<\/strong> \u00e8 una piccola baia appartata, con acque termali che sgorgano dalle rocce. Potrete praticare lo snorkeling tra gli scogli e la pesca.<\/p>\n<p><strong>Golden Coast<\/strong> \u00e8 la spiaggia pi\u00f9 lunga della zona e vanta una soffice sabbia dorata. La gente del luogo la chiama anche Mati. Qui potrete sempre trovare un posticino isolato per nuotare. E\u2019 anche il luogo scelto dalle tartarughe (Caretta caretta) per fare il proprio nido.<\/p>\n<p><strong>Romanos,<\/strong> chiamata anche Glyfadaki, \u00e8 situata vicino al villaggio omonimo. Si tratta di una lunga spiaggia di sabbia fine. La spiaggia di Petrochori sorge nei pressi del villaggio vicino, circondata da un susseguirsi di piccole baie.<\/p>\n<p><strong>Voidokilia<\/strong> \u00e8 un\u2019ampia baia semicircolare, e vanta fondali bassi, acque dalle sfumature verdi e blu, e sabbia dorata e fine. E\u2019 circondata da dune di sabbia e protetta da ripide scogliere ai lati. Un modo piacevole per sfuggire al sole \u00e8 sicuramente fare una breve passeggiata sulla collina verso la grotta di Nestor e l\u2019antico castello di Pilo, Palaiokastro. Dall\u2019altro lato di Voidokilia, oltre la collina, sorgono i resti di una tomba a volta attribuita a Trasimede, figlio di Nestore.<\/p>\n<p><strong>Divari<\/strong> \u00e8 una spiaggia sabbiosa che si estende per 2 km nella Baia di Navarino, separando le sue acque dalla laguna. Vanta bassi fondali e acque calme con fine sabbia dorata. Da l\u00ec potrete arrampicarvi fino a Palaiokastro o fare una passeggiata serale verso la Laguna di Gialova.<\/p>\n<\/div><div  class=\"clear rs-space\" style=\"height:30px;\"><\/div><h2  class=\"special-text custom-font-properties-69e301b8883ee\">LE ISOLE<\/h2><div class=\"section-text text-block align-left\" ><p>Dall\u2019altra parte di Marathopoli sorge l\u2019isola di Proti, con il suo porto naturale, le acque blu scuro e le grotte marine. Il paesaggio \u00e8 verdeggiante, con rocce calcaree verticali coperte di sempreverdi e ulivi selvatici. Si dice che le baie appartate dell\u2019isola facessero un tempo da rifugio per marinai e pirati, e che siano presenti resti di un muro circolare di un\u2019antica fortificazione dell\u2019era micenea o preistorica. La particolare spiaggia di Vourlia \u00e8 situata in una tranquilla caletta dalle acque turchesi. Dal piccolo porto di Marathopoli potete prendere una barca e raggiungere la spiaggia, oppure fare un giro intorno all\u2019isola. Questa zona \u00e8 anche un ottimo luogo dove fare snorkeling, arrampicate e immersioni.<\/p>\n<p>All\u2019interno della Baia di Navarino sorge la piccola isola di Sfakteria, associata ad importanti eventi storici del 425 a.C., e le isolette di Fanari e Marathonissi, mentre al largo della costa sud occidentale potrete raggiungere il complesso delle isole di Messinian Oinousses. Sono oggi disabitate e ricoperte di bassa vegetazione; troverete inoltre una foresta di alberi di fragole protetta (arbutus), risalente a 10.000 anni fa e i cui alberi raggiungono fino ai 12 m di altezza, e tra la fauna spiccano le capre kri-kri, una sottospecie di muflone, e molte specie di uccelli.<\/p>\n<p>La Fossa di Calypso (conosciuta in greco come Oinousses Trench), \u00e8 situata nel Mar Ionio, a sud ovest di Messinian Oinousses, ed \u00e8 il punto pi\u00f9 profondo del mediterraneo, con una profondit\u00e0 massima di 5.267 m.<\/p>\n<\/div><div  class=\"clear rs-space\" style=\"height:30px;\"><\/div><h2  class=\"special-text custom-font-properties-69e301b888434\">ITINERARI NATURALI<\/h2><div class=\"section-text text-block align-left\" ><p>Una natura incontaminata e rigogliosa, vallate che si intervallano a verdeggianti colline, antichi santuari e villaggi, meravigliose cascate nascoste: benvenuti a Neda, alle magnifiche 15 cascate e ai laghi di Polilimnio, e al piccolo paradiso di Valta. Le sorgenti di Neda sorgono vicino all\u2019omonimo villaggio, sul monte Liceo, luogo di nascita di Zeus e terra natia di Pan. Consiste in una stretta e lunga gola, dove troverete diversi livelli di percorsi. Il periodo migliore per visitare la zona \u00e8 l\u2019estate, specialmente dalla fine di agosto all\u2019inizio di settembre, visto che le acque possono essere pi\u00f9 calde. A Polilimnio, dopo una breve passeggiata, in qualunque punto vi troviate potrete godere di viste mozzafiato.<\/p>\n<p>La Laguna Divari di Gialova \u00e8 una palude naturale caratterizzata come <em>Important Bird Area<\/em> (IBA) e parte dell\u2019Area Natura 2000, protetta per la sua fauna ricca e variegata che include rettili, anfibi, piccoli mammiferi, ed anche per la sua flora. Migliaia di uccelli (garzette e aironi, fenicotteri, cormorani, aquile, ecc.) che migrano verso l\u2019Africa in autunno e ritornano in primavera, fanno sosta in questa area, mentre altri passano tutto l\u2019inverno alla laguna. E\u2019 quindi il punto ideale per ammirare la maggior parte degli uccelli.<\/p>\n<p>Il periodo migliore per osservare gli uccelli va da settembre a maggio, specialmente all\u2019inizio di settembre per quanto riguarda il re della laguna, il falco pescatore. La migrazione primaverile inizia alla fine di febbraio. Molte specie di uccelli si fermano in zona fino alla met\u00e0 di aprile, mentre il Mignattaio passa qui l\u2019intera primavera. La Societ\u00e0 ellenica di ornitologia ha creato un interessante libretto e percorsi naturali con rifugi per l\u2019osservazione degli uccelli. La stretta zona tra la laguna e il mare ospita anche l\u2019unico camaleonte africano in Europa.<\/p>\n<p>A breve distanza dalla laguna, passando attraverso una fitta vegetazione, raggiungerete le acque fredde e rigeneranti di Schinolaka (o Kalamari); un piccolo lago con una cascata immersa tra rocce, platani, tante specie di orchidee e fiori selvatici.<\/p>\n<\/div><div  class=\"clear rs-space\" style=\"height:30px;\"><\/div><h2  class=\"special-text custom-font-properties-69e301b888490\">SITI ARCHAELOGICI<\/h2><div class=\"section-text text-block align-left\" ><p>Questa zona permette di fare una vera e propria passeggiata nella storia, grazie alle tombe micenee a volta, segno che circa 3500 anni fa qui sorgeva un importante sito della civilt\u00e0 Micenea, ed anche all\u2019antica Messene, che ebbe il suo picco nel 4\u00b0 secolo a.C., al Tempio di Apollo Epicurio a Bassae (86 km), e al castello di Methoni.<\/p>\n<p>Per gli appassionati di siti archeologici, oltre al Palazzo miceneo di Nestore, ubicato sulla collina di Ano Eglianos, potrete inoltre visitare le tombe a tholos di Chora, ed anche quelle sulla collina di Peristeria. Lungo la strada verso Kyparissia incontrerete l\u2019antico castello, con i suoi elementi di architettura micenea alle pareti, una torretta, e e varie parti ricostruite durante l&#8217;era dei bizantini che sono arrivate fino ai nostri giorni.<\/p>\n<p>Pilo ospita due castelli degni di nota, l\u2019antico castello (Palaiokastro), un mix di architetture franca e veneziana, ubicato su un\u2019antica acropoli, e il nuovo castello (Niokastro), un edificio rettangolare in pietra, a due piani, costruito nel 1573 e che ospita oggi un museo e il centro per l\u2019archeologia sottomarina.<\/p>\n<p>L\u2019Antica Messene (Ithome) \u00e8 una delle citt\u00e0 pi\u00f9 importanti dell\u2019antichit\u00e0 per forma, dimensione e livello di conservazione, incastonata in un ambiente fertile e incontaminato ai piedi del massiccio calcareo di Ithomi. E\u2019 un notevole esempio di tipica citt\u00e0 antica, visto che non \u00e8 mai stata distrutta o coperta da successivi insediamenti.<\/p>\n<p>Il sito dell\u2019antica Olympia, ubicato a breve distanza (83 km), merita anch\u2019esso una approfondita visita.<\/p>\n<p><strong>Per gli appassionati di musei, ecco una lista di alcuni luoghi da visitare:<\/strong><\/p>\n<ul>\n<li>Museo Archeologico di Chora<\/li>\n<li>Museo Archeologico Antonopouleion di Pilo<\/li>\n<li>Museo dell\u2019Antica Messene a Mavromati<\/li>\n<li>Museo Archeologico di Messinia<\/li>\n<li>Museo Archeologico Benaki di Kalamata<\/li>\n<li>Museo storico e del folklore di Kalamata<\/li>\n<li>Museo ferroviario di Kalamata<\/li>\n<\/ul>\n<\/div>\n\t<div class=\"wpb_raw_code wpb_content_element wpb_raw_html\">\n\t\t<div class=\"wpb_wrapper\">\n\t\t\t<iframe src=\"https:\/\/www.google.com\/maps\/d\/embed?mid=zayKvc3GV5FU.kvpqv_MmN2Ys\" width=\"640\" height=\"480\"><\/iframe>\n\t\t<\/div>\n\t<\/div>\n<\/div><div class=\"wpb_column vc_column_container col-md-4\"><\/div><\/div><\/section><\/div><\/div><\/section>\n","protected":false},"excerpt":{"rendered":"MESSENIA ATTIVITA\u2019Sarete immersi tra le montagne di Kyparissia, il monte Lykodimo (960m), il monte Taygetos e, al centro della prefettura, troverete la verdeggiante piana di Messenia, con i suoi deliziosi villaggi, i resti di insediamenti preistorici, i siti archeologici, i castelli medievali e i pittoreschi monumenti. Grazie all\u2019ottimo clima, caratterizzato da estati lunghe e fresche,","protected":false},"author":1,"featured_media":0,"parent":0,"menu_order":0,"comment_status":"open","ping_status":"closed","template":"","meta":[],"_links":{"self":[{"href":"https:\/\/www.esperides.gr\/it\/wp-json\/wp\/v2\/pages\/5815"}],"collection":[{"href":"https:\/\/www.esperides.gr\/it\/wp-json\/wp\/v2\/pages"}],"about":[{"href":"https:\/\/www.esperides.gr\/it\/wp-json\/wp\/v2\/types\/page"}],"author":[{"embeddable":true,"href":"https:\/\/www.esperides.gr\/it\/wp-json\/wp\/v2\/users\/1"}],"replies":[{"embeddable":true,"href":"https:\/\/www.esperides.gr\/it\/wp-json\/wp\/v2\/comments?post=5815"}],"version-history":[{"count":1,"href":"https:\/\/www.esperides.gr\/it\/wp-json\/wp\/v2\/pages\/5815\/revisions"}],"predecessor-version":[{"id":5817,"href":"https:\/\/www.esperides.gr\/it\/wp-json\/wp\/v2\/pages\/5815\/revisions\/5817"}],"wp:attachment":[{"href":"https:\/\/www.esperides.gr\/it\/wp-json\/wp\/v2\/media?parent=5815"}],"curies":[{"name":"wp","href":"https:\/\/api.w.org\/{rel}","templated":true}]}}